{"id":3274,"date":"2024-07-24T11:17:14","date_gmt":"2024-07-24T09:17:14","guid":{"rendered":"https:\/\/yvdelloye.fr\/produit\/uncategorized\/pavillon-premiere-pavee-ring\/"},"modified":"2024-09-12T13:08:29","modified_gmt":"2024-09-12T11:08:29","slug":"pavillon-premiere-pavee-ring","status":"publish","type":"product","link":"http:\/\/yvdelloye.com\/en\/produit\/rings\/pavillon-premiere-pavee-ring\/","title":{"rendered":"Pavillon Premi\u00e8re Pav\u00e9e ring"},"content":{"rendered":"","protected":false},"excerpt":{"rendered":"<p>Pavillon Premi\u00e8re Pav\u00e9e ring in 18K gold featuring a central link and 4 brilliant-cut diamonds.<br \/>\nSIZE : <strong><em>Please contact us by phone +33 (0) 1 83 91 01 94 to purchase this jewel.<\/em><\/strong> Entirely hand-crafted by our Parisian jewelry workshop.  Please note that the weight in carats, the number of stones and the dimensions of the jewel may vary depending on the size of the creation ordered. Please contact us for more information.<\/p>\n","protected":false},"featured_media":2329,"template":"","meta":[],"product_brand":[],"product_cat":[105],"product_tag":[108],"class_list":{"0":"post-3274","1":"product","2":"type-product","3":"status-publish","4":"has-post-thumbnail","6":"product_cat-rings","7":"product_tag-pavillon-collection","9":"first","10":"instock","11":"taxable","12":"shipping-taxable","13":"purchasable","14":"product-type-simple"},"yoast_head":"<!-- This site is optimized with the Yoast SEO plugin v27.1.1 - https:\/\/yoast.com\/product\/yoast-seo-wordpress\/ -->\n<title>Pavillon Premi\u00e8re Pav\u00e9e ring - YV.DELLOYE<\/title>\n<meta name=\"robots\" content=\"index, follow, max-snippet:-1, max-image-preview:large, max-video-preview:-1\" \/>\n<link rel=\"canonical\" href=\"http:\/\/yvdelloye.com\/en\/produit\/rings\/pavillon-premiere-pavee-ring\/\" \/>\n<meta property=\"og:locale\" content=\"en_US\" \/>\n<meta property=\"og:type\" content=\"article\" \/>\n<meta property=\"og:title\" content=\"Pavillon Premi\u00e8re Pav\u00e9e ring - YV.DELLOYE\" \/>\n<meta property=\"og:description\" content=\"Pavillon Premi\u00e8re Pav\u00e9e ring in 18K gold featuring a central link and 4 brilliant-cut diamonds. SIZE : Please contact us by phone +33 (0) 1 83 91 01 94 to purchase this jewel. Entirely hand-crafted by our Parisian jewelry workshop. Please note that the weight in carats, the number of stones and the dimensions of the jewel may vary depending on the size of the creation ordered. Please contact us for more information.\" \/>\n<meta property=\"og:url\" content=\"http:\/\/yvdelloye.com\/en\/produit\/rings\/pavillon-premiere-pavee-ring\/\" \/>\n<meta property=\"og:site_name\" content=\"YV.DELLOYE\" \/>\n<meta property=\"article:publisher\" content=\"https:\/\/facebook.com\/yvdelloyeparis\" \/>\n<meta property=\"article:modified_time\" content=\"2024-09-12T11:08:29+00:00\" \/>\n<meta property=\"og:image\" content=\"http:\/\/yvdelloye.com\/wp-content\/uploads\/2024\/07\/YVDELLOYE-papillon-rose-web-_H253.jpg\" \/>\n\t<meta property=\"og:image:width\" content=\"1000\" \/>\n\t<meta property=\"og:image:height\" content=\"1500\" \/>\n\t<meta property=\"og:image:type\" content=\"image\/jpeg\" \/>\n<meta name=\"twitter:card\" content=\"summary_large_image\" \/>\n<script type=\"application\/ld+json\" class=\"yoast-schema-graph\">{\"@context\":\"https:\/\/schema.org\",\"@graph\":[{\"@type\":\"WebPage\",\"@id\":\"http:\/\/yvdelloye.com\/en\/produit\/rings\/pavillon-premiere-pavee-ring\/\",\"url\":\"http:\/\/yvdelloye.com\/en\/produit\/rings\/pavillon-premiere-pavee-ring\/\",\"name\":\"Pavillon Premi\u00e8re Pav\u00e9e ring - YV.DELLOYE\",\"isPartOf\":{\"@id\":\"https:\/\/yvdelloye.com\/en\/#website\"},\"primaryImageOfPage\":{\"@id\":\"http:\/\/yvdelloye.com\/en\/produit\/rings\/pavillon-premiere-pavee-ring\/#primaryimage\"},\"image\":{\"@id\":\"http:\/\/yvdelloye.com\/en\/produit\/rings\/pavillon-premiere-pavee-ring\/#primaryimage\"},\"thumbnailUrl\":\"http:\/\/yvdelloye.com\/wp-content\/uploads\/2024\/07\/YVDELLOYE-papillon-rose-web-_H253.jpg\",\"datePublished\":\"2024-07-24T09:17:14+00:00\",\"dateModified\":\"2024-09-12T11:08:29+00:00\",\"breadcrumb\":{\"@id\":\"http:\/\/yvdelloye.com\/en\/produit\/rings\/pavillon-premiere-pavee-ring\/#breadcrumb\"},\"inLanguage\":\"en-US\",\"potentialAction\":[{\"@type\":\"ReadAction\",\"target\":[\"http:\/\/yvdelloye.com\/en\/produit\/rings\/pavillon-premiere-pavee-ring\/\"]}]},{\"@type\":\"ImageObject\",\"inLanguage\":\"en-US\",\"@id\":\"http:\/\/yvdelloye.com\/en\/produit\/rings\/pavillon-premiere-pavee-ring\/#primaryimage\",\"url\":\"http:\/\/yvdelloye.com\/wp-content\/uploads\/2024\/07\/YVDELLOYE-papillon-rose-web-_H253.jpg\",\"contentUrl\":\"http:\/\/yvdelloye.com\/wp-content\/uploads\/2024\/07\/YVDELLOYE-papillon-rose-web-_H253.jpg\",\"width\":1000,\"height\":1500,\"caption\":\"Stacked from 4 images. Method=B (R=8,S=4)\"},{\"@type\":\"BreadcrumbList\",\"@id\":\"http:\/\/yvdelloye.com\/en\/produit\/rings\/pavillon-premiere-pavee-ring\/#breadcrumb\",\"itemListElement\":[{\"@type\":\"ListItem\",\"position\":1,\"name\":\"Accueil\",\"item\":\"https:\/\/yvdelloye.com\/en\/\"},{\"@type\":\"ListItem\",\"position\":2,\"name\":\"Boutique\",\"item\":\"http:\/\/yvdelloye.com\/en\/store\/\"},{\"@type\":\"ListItem\",\"position\":3,\"name\":\"Pavillon Premi\u00e8re Pav\u00e9e ring\"}]},{\"@type\":\"WebSite\",\"@id\":\"https:\/\/yvdelloye.com\/en\/#website\",\"url\":\"https:\/\/yvdelloye.com\/en\/\",\"name\":\"YV.DELLOYE\",\"description\":\"\",\"publisher\":{\"@id\":\"https:\/\/yvdelloye.com\/en\/#organization\"},\"potentialAction\":[{\"@type\":\"SearchAction\",\"target\":{\"@type\":\"EntryPoint\",\"urlTemplate\":\"https:\/\/yvdelloye.com\/en\/?s={search_term_string}\"},\"query-input\":{\"@type\":\"PropertyValueSpecification\",\"valueRequired\":true,\"valueName\":\"search_term_string\"}}],\"inLanguage\":\"en-US\"},{\"@type\":\"Organization\",\"@id\":\"https:\/\/yvdelloye.com\/en\/#organization\",\"name\":\"YV.DELLOYE\",\"alternateName\":\"YV DELLOYE\",\"url\":\"https:\/\/yvdelloye.com\/en\/\",\"logo\":{\"@type\":\"ImageObject\",\"inLanguage\":\"en-US\",\"@id\":\"https:\/\/yvdelloye.com\/en\/#\/schema\/logo\/image\/\",\"url\":\"https:\/\/yvdelloye.com\/wp-content\/uploads\/2024\/07\/LOGO-YVD-.png\",\"contentUrl\":\"https:\/\/yvdelloye.com\/wp-content\/uploads\/2024\/07\/LOGO-YVD-.png\",\"width\":549,\"height\":124,\"caption\":\"YV.DELLOYE\"},\"image\":{\"@id\":\"https:\/\/yvdelloye.com\/en\/#\/schema\/logo\/image\/\"},\"sameAs\":[\"https:\/\/facebook.com\/yvdelloyeparis\",\"https:\/\/www.instagram.com\/yv.delloye\"]}]}<\/script>\n<!-- \/ Yoast SEO plugin. -->","yoast_head_json":{"title":"Pavillon Premi\u00e8re Pav\u00e9e ring - YV.DELLOYE","robots":{"index":"index","follow":"follow","max-snippet":"max-snippet:-1","max-image-preview":"max-image-preview:large","max-video-preview":"max-video-preview:-1"},"canonical":"http:\/\/yvdelloye.com\/en\/produit\/rings\/pavillon-premiere-pavee-ring\/","og_locale":"en_US","og_type":"article","og_title":"Pavillon Premi\u00e8re Pav\u00e9e ring - YV.DELLOYE","og_description":"Pavillon Premi\u00e8re Pav\u00e9e ring in 18K gold featuring a central link and 4 brilliant-cut diamonds. SIZE : Please contact us by phone +33 (0) 1 83 91 01 94 to purchase this jewel. Entirely hand-crafted by our Parisian jewelry workshop. Please note that the weight in carats, the number of stones and the dimensions of the jewel may vary depending on the size of the creation ordered. Please contact us for more information.","og_url":"http:\/\/yvdelloye.com\/en\/produit\/rings\/pavillon-premiere-pavee-ring\/","og_site_name":"YV.DELLOYE","article_publisher":"https:\/\/facebook.com\/yvdelloyeparis","article_modified_time":"2024-09-12T11:08:29+00:00","og_image":[{"width":1000,"height":1500,"url":"http:\/\/yvdelloye.com\/wp-content\/uploads\/2024\/07\/YVDELLOYE-papillon-rose-web-_H253.jpg","type":"image\/jpeg"}],"twitter_card":"summary_large_image","schema":{"@context":"https:\/\/schema.org","@graph":[{"@type":"WebPage","@id":"http:\/\/yvdelloye.com\/en\/produit\/rings\/pavillon-premiere-pavee-ring\/","url":"http:\/\/yvdelloye.com\/en\/produit\/rings\/pavillon-premiere-pavee-ring\/","name":"Pavillon Premi\u00e8re Pav\u00e9e ring - YV.DELLOYE","isPartOf":{"@id":"https:\/\/yvdelloye.com\/en\/#website"},"primaryImageOfPage":{"@id":"http:\/\/yvdelloye.com\/en\/produit\/rings\/pavillon-premiere-pavee-ring\/#primaryimage"},"image":{"@id":"http:\/\/yvdelloye.com\/en\/produit\/rings\/pavillon-premiere-pavee-ring\/#primaryimage"},"thumbnailUrl":"http:\/\/yvdelloye.com\/wp-content\/uploads\/2024\/07\/YVDELLOYE-papillon-rose-web-_H253.jpg","datePublished":"2024-07-24T09:17:14+00:00","dateModified":"2024-09-12T11:08:29+00:00","breadcrumb":{"@id":"http:\/\/yvdelloye.com\/en\/produit\/rings\/pavillon-premiere-pavee-ring\/#breadcrumb"},"inLanguage":"en-US","potentialAction":[{"@type":"ReadAction","target":["http:\/\/yvdelloye.com\/en\/produit\/rings\/pavillon-premiere-pavee-ring\/"]}]},{"@type":"ImageObject","inLanguage":"en-US","@id":"http:\/\/yvdelloye.com\/en\/produit\/rings\/pavillon-premiere-pavee-ring\/#primaryimage","url":"http:\/\/yvdelloye.com\/wp-content\/uploads\/2024\/07\/YVDELLOYE-papillon-rose-web-_H253.jpg","contentUrl":"http:\/\/yvdelloye.com\/wp-content\/uploads\/2024\/07\/YVDELLOYE-papillon-rose-web-_H253.jpg","width":1000,"height":1500,"caption":"Stacked from 4 images. Method=B (R=8,S=4)"},{"@type":"BreadcrumbList","@id":"http:\/\/yvdelloye.com\/en\/produit\/rings\/pavillon-premiere-pavee-ring\/#breadcrumb","itemListElement":[{"@type":"ListItem","position":1,"name":"Accueil","item":"https:\/\/yvdelloye.com\/en\/"},{"@type":"ListItem","position":2,"name":"Boutique","item":"http:\/\/yvdelloye.com\/en\/store\/"},{"@type":"ListItem","position":3,"name":"Pavillon Premi\u00e8re Pav\u00e9e ring"}]},{"@type":"WebSite","@id":"https:\/\/yvdelloye.com\/en\/#website","url":"https:\/\/yvdelloye.com\/en\/","name":"YV.DELLOYE","description":"","publisher":{"@id":"https:\/\/yvdelloye.com\/en\/#organization"},"potentialAction":[{"@type":"SearchAction","target":{"@type":"EntryPoint","urlTemplate":"https:\/\/yvdelloye.com\/en\/?s={search_term_string}"},"query-input":{"@type":"PropertyValueSpecification","valueRequired":true,"valueName":"search_term_string"}}],"inLanguage":"en-US"},{"@type":"Organization","@id":"https:\/\/yvdelloye.com\/en\/#organization","name":"YV.DELLOYE","alternateName":"YV DELLOYE","url":"https:\/\/yvdelloye.com\/en\/","logo":{"@type":"ImageObject","inLanguage":"en-US","@id":"https:\/\/yvdelloye.com\/en\/#\/schema\/logo\/image\/","url":"https:\/\/yvdelloye.com\/wp-content\/uploads\/2024\/07\/LOGO-YVD-.png","contentUrl":"https:\/\/yvdelloye.com\/wp-content\/uploads\/2024\/07\/LOGO-YVD-.png","width":549,"height":124,"caption":"YV.DELLOYE"},"image":{"@id":"https:\/\/yvdelloye.com\/en\/#\/schema\/logo\/image\/"},"sameAs":["https:\/\/facebook.com\/yvdelloyeparis","https:\/\/www.instagram.com\/yv.delloye"]}]}},"_links":{"self":[{"href":"http:\/\/yvdelloye.com\/en\/wp-json\/wp\/v2\/product\/3274","targetHints":{"allow":["GET"]}}],"collection":[{"href":"http:\/\/yvdelloye.com\/en\/wp-json\/wp\/v2\/product"}],"about":[{"href":"http:\/\/yvdelloye.com\/en\/wp-json\/wp\/v2\/types\/product"}],"wp:featuredmedia":[{"embeddable":true,"href":"http:\/\/yvdelloye.com\/en\/wp-json\/wp\/v2\/media\/2329"}],"wp:attachment":[{"href":"http:\/\/yvdelloye.com\/en\/wp-json\/wp\/v2\/media?parent=3274"}],"wp:term":[{"taxonomy":"product_brand","embeddable":true,"href":"http:\/\/yvdelloye.com\/en\/wp-json\/wp\/v2\/product_brand?post=3274"},{"taxonomy":"product_cat","embeddable":true,"href":"http:\/\/yvdelloye.com\/en\/wp-json\/wp\/v2\/product_cat?post=3274"},{"taxonomy":"product_tag","embeddable":true,"href":"http:\/\/yvdelloye.com\/en\/wp-json\/wp\/v2\/product_tag?post=3274"}],"curies":[{"name":"wp","href":"https:\/\/api.w.org\/{rel}","templated":true}]}}